{"id":43,"date":"2023-11-21T15:18:43","date_gmt":"2023-11-21T15:18:43","guid":{"rendered":"https:\/\/joly-garden.hungrynuggets.com\/?page_id=43"},"modified":"2024-01-03T12:24:27","modified_gmt":"2024-01-03T12:24:27","slug":"politique-de-cookies","status":"publish","type":"page","link":"https:\/\/jolygarden.be\/fr\/politique-de-cookies\/","title":{"rendered":"Politique de Cookies"},"content":{"rendered":"\n<h2 class=\"wp-block-heading\">Introduction<\/h2>\n\n\n\n<p><strong>Chez JOLY Garden, nous utilisons des cookies pour am\u00e9liorer votre exp\u00e9rience sur notre site web. Cette politique explique comment et pourquoi nous utilisons ces technologies et les choix qui vous sont offerts.<\/strong><\/p>\n\n\n\n<h2 class=\"wp-block-heading\">Qu'est-ce qu'un Cookie ?<\/h2>\n\n\n\n<p><strong>Un cookie est un petit fichier texte stock\u00e9 sur votre appareil lorsque vous visitez un site web. Il permet au site de se souvenir de vos actions et pr\u00e9f\u00e9rences (telles que la connexion, la langue, la taille des caract\u00e8res et d'autres pr\u00e9f\u00e9rences d'affichage) pendant un certain temps.<\/strong><\/p>\n\n\n\n<h2 class=\"wp-block-heading\">Comment Utilisons-nous les Cookies ?<\/h2>\n\n\n\n<p><strong>Les cookies que nous utilisons sont class\u00e9s en plusieurs cat\u00e9gories :<\/strong><\/p>\n\n\n\n<h3 class=\"wp-block-heading\">Cookies Essentiels<\/h3>\n\n\n\n<ul class=\"wp-block-list\">\n<li><strong>Ces cookies sont n\u00e9cessaires pour le fonctionnement de notre site web et ne peuvent pas \u00eatre d\u00e9sactiv\u00e9s dans nos syst\u00e8mes.<\/strong><\/li>\n\n\n\n<li><strong>Ils sont g\u00e9n\u00e9ralement d\u00e9finis en r\u00e9ponse \u00e0 des actions que vous avez effectu\u00e9es, telles que la d\u00e9finition de vos pr\u00e9f\u00e9rences de confidentialit\u00e9, la connexion ou le remplissage de formulaires.<\/strong><\/li>\n<\/ul>\n\n\n\n<h3 class=\"wp-block-heading\">Cookies de Performance<\/h3>\n\n\n\n<ul class=\"wp-block-list\">\n<li><strong>Ces cookies nous permettent de compter les visites et les sources de trafic, afin de mesurer et d'am\u00e9liorer la performance de notre site.<\/strong><\/li>\n\n\n\n<li><strong>Ils nous aident \u00e0 savoir quelles pages sont les plus et les moins populaires et \u00e0 voir comment les visiteurs se d\u00e9placent sur le site.<\/strong><\/li>\n<\/ul>\n\n\n\n<h3 class=\"wp-block-heading\">Cookies Fonctionnels<\/h3>\n\n\n\n<ul class=\"wp-block-list\">\n<li><strong>Ces cookies permettent au site de fournir une fonctionnalit\u00e9 et une personnalisation am\u00e9lior\u00e9es.<\/strong><\/li>\n\n\n\n<li><strong>Ils peuvent \u00eatre d\u00e9finis par nous ou par des fournisseurs tiers dont les services ont \u00e9t\u00e9 ajout\u00e9s \u00e0 nos pages.<\/strong><\/li>\n<\/ul>\n\n\n\n<h3 class=\"wp-block-heading\">Cookies de Ciblage<\/h3>\n\n\n\n<ul class=\"wp-block-list\">\n<li><strong>Ces cookies peuvent \u00eatre d\u00e9finis sur notre site par nos partenaires publicitaires.<\/strong><\/li>\n\n\n\n<li><strong>Ils peuvent \u00eatre utilis\u00e9s par ces entreprises pour \u00e9tablir un profil de vos int\u00e9r\u00eats et vous montrer des publicit\u00e9s pertinentes sur d'autres sites.<\/strong><\/li>\n<\/ul>\n\n\n\n<h2 class=\"wp-block-heading\">Votre Choix et Contr\u00f4le des Cookies<\/h2>\n\n\n\n<p><strong>Vous avez le choix de consentir ou non \u00e0 notre utilisation de cookies. Vous pouvez modifier vos pr\u00e9f\u00e9rences en mati\u00e8re de cookies \u00e0 tout moment en ajustant les param\u00e8tres de votre navigateur.<\/strong><\/p>\n\n\n\n<h2 class=\"wp-block-heading\">Plus d'Informations<\/h2>\n\n\n\n<p><strong>Pour plus d'informations sur la gestion des cookies, consultez la fonction d'aide de votre navigateur ou visitez des sites web tels que <a href=\"http:\/\/www.allaboutcookies.org\/\" target=\"_blank\" rel=\"noopener\">www.allaboutcookies.org<\/a>.<\/strong><\/p>\n\n\n\n<h2 class=\"wp-block-heading\">Contact<\/h2>\n\n\n\n<p><strong>Si vous avez des questions sur notre utilisation des cookies, n'h\u00e9sitez pas \u00e0 nous contacter \u00e0 <a>info@jolytinyhouse.be<\/a>.<\/strong><\/p>\n","protected":false},"excerpt":{"rendered":"<p>Introduction Chez JOLY Garden, nous utilisons des cookies pour am\u00e9liorer votre exp\u00e9rience sur notre site web. Cette politique explique comment et pourquoi nous utilisons ces technologies et les choix qui vous sont offerts. Qu'est-ce qu'un Cookie ? Un cookie est un petit fichier texte stock\u00e9 sur votre appareil lorsque vous visitez un site web. Il [&hellip;]<\/p>\n","protected":false},"author":1,"featured_media":0,"parent":0,"menu_order":0,"comment_status":"closed","ping_status":"closed","template":"","meta":{"footnotes":""},"class_list":["post-43","page","type-page","status-publish","hentry"],"_links":{"self":[{"href":"https:\/\/jolygarden.be\/fr\/wp-json\/wp\/v2\/pages\/43","targetHints":{"allow":["GET"]}}],"collection":[{"href":"https:\/\/jolygarden.be\/fr\/wp-json\/wp\/v2\/pages"}],"about":[{"href":"https:\/\/jolygarden.be\/fr\/wp-json\/wp\/v2\/types\/page"}],"author":[{"embeddable":true,"href":"https:\/\/jolygarden.be\/fr\/wp-json\/wp\/v2\/users\/1"}],"replies":[{"embeddable":true,"href":"https:\/\/jolygarden.be\/fr\/wp-json\/wp\/v2\/comments?post=43"}],"version-history":[{"count":2,"href":"https:\/\/jolygarden.be\/fr\/wp-json\/wp\/v2\/pages\/43\/revisions"}],"predecessor-version":[{"id":161,"href":"https:\/\/jolygarden.be\/fr\/wp-json\/wp\/v2\/pages\/43\/revisions\/161"}],"wp:attachment":[{"href":"https:\/\/jolygarden.be\/fr\/wp-json\/wp\/v2\/media?parent=43"}],"curies":[{"name":"wp","href":"https:\/\/api.w.org\/{rel}","templated":true}]}}